{"id":3466,"date":"2025-07-16T16:13:57","date_gmt":"2025-07-16T16:13:57","guid":{"rendered":"https:\/\/radioelbuenpastor.com\/?page_id=3466"},"modified":"2025-07-16T16:17:15","modified_gmt":"2025-07-16T16:17:15","slug":"mision-y-vision","status":"publish","type":"page","link":"https:\/\/radioelbuenpastor.com\/?page_id=3466","title":{"rendered":"Misi\u00f3n y Visi\u00f3n"},"content":{"rendered":"\t\t<div data-elementor-type=\"wp-page\" data-elementor-id=\"3466\" class=\"elementor elementor-3466\">\n\t\t\t\t<div class=\"elementor-element elementor-element-15b6690 e-flex e-con-boxed e-con e-parent\" data-id=\"15b6690\" data-element_type=\"container\">\n\t\t\t\t\t<div class=\"e-con-inner\">\n\t\t\t\t<div class=\"elementor-element elementor-element-8b34a5c elementor-widget elementor-widget-section-head-two\" data-id=\"8b34a5c\" data-element_type=\"widget\" data-widget_type=\"section-head-two.default\">\n\t\t\t\t<div class=\"elementor-widget-container\">\n\t\t\t\t\t\r\n\t\t<div class=\"section-title-three text-center\">\r\n\t\t\t            \t<span class=\"style3_subtitle\" >-<\/span>\r\n             \r\n            \t            <h2>\r\n\t            \t\t            \t<span class=\"tl1\" >Misi\u00f3n y Visi\u00f3n<\/span>\r\n\t            \t\t            <\/h2>\r\n                        \t            <p>\r\n\t            \t\t            \t<span class=\"tl2\" >92.9 FM<\/span>\r\n\t            \t\t            <\/p>\r\n                  <\/div>\r\n\t\t\t\t\t<\/div>\n\t\t\t\t<\/div>\n\t\t\t\t<div class=\"elementor-element elementor-element-234ca57 elementor-widget elementor-widget-text-editor\" data-id=\"234ca57\" data-element_type=\"widget\" data-widget_type=\"text-editor.default\">\n\t\t\t\t\t\t\t\t\t<p>Misi\u00f3n<\/p><p>Somos una Emisora Comunitaria que busca difundir un mensaje alternativo para el oyente, con programaci\u00f3n de contenido variado e inspirado en principios cristianos para influir en el desarrollo de una mejor sociedad desde el Cant\u00f3n Saraguro, provincia de Loja.<\/p><p>Visi\u00f3n<\/p><p>Al 2035 la Radio el Buen Pastor ser\u00e1 una emisora comunitaria, referente en el sur del pa\u00eds con presencia radial y digital, auto sostenible de servicio socio-integral con trascendencia en el n\u00facleo familiar, fortaleciendo el tejido comunitario y dignificar la vida del pueblo kichwa Saraguro y sus nuevas generaciones.<\/p>\t\t\t\t\t\t\t\t<\/div>\n\t\t\t\t\t<\/div>\n\t\t\t\t<\/div>\n\t\t\t\t<\/div>\n\t\t","protected":false},"excerpt":{"rendered":"<p>&#8211; Misi\u00f3n y Visi\u00f3n 92.9 FM Misi\u00f3n Somos una Emisora Comunitaria que busca difundir un mensaje alternativo para el oyente, con programaci\u00f3n de contenido variado e inspirado en principios cristianos para influir en el desarrollo de una mejor sociedad desde el Cant\u00f3n Saraguro, provincia de Loja. Visi\u00f3n Al 2035 la Radio el Buen Pastor ser\u00e1 [&hellip;]<\/p>\n","protected":false},"author":1,"featured_media":0,"parent":0,"menu_order":0,"comment_status":"closed","ping_status":"closed","template":"","meta":{"footnotes":""},"class_list":["post-3466","page","type-page","status-publish","hentry"],"_links":{"self":[{"href":"https:\/\/radioelbuenpastor.com\/index.php?rest_route=\/wp\/v2\/pages\/3466","targetHints":{"allow":["GET"]}}],"collection":[{"href":"https:\/\/radioelbuenpastor.com\/index.php?rest_route=\/wp\/v2\/pages"}],"about":[{"href":"https:\/\/radioelbuenpastor.com\/index.php?rest_route=\/wp\/v2\/types\/page"}],"author":[{"embeddable":true,"href":"https:\/\/radioelbuenpastor.com\/index.php?rest_route=\/wp\/v2\/users\/1"}],"replies":[{"embeddable":true,"href":"https:\/\/radioelbuenpastor.com\/index.php?rest_route=%2Fwp%2Fv2%2Fcomments&post=3466"}],"version-history":[{"count":4,"href":"https:\/\/radioelbuenpastor.com\/index.php?rest_route=\/wp\/v2\/pages\/3466\/revisions"}],"predecessor-version":[{"id":3470,"href":"https:\/\/radioelbuenpastor.com\/index.php?rest_route=\/wp\/v2\/pages\/3466\/revisions\/3470"}],"wp:attachment":[{"href":"https:\/\/radioelbuenpastor.com\/index.php?rest_route=%2Fwp%2Fv2%2Fmedia&parent=3466"}],"curies":[{"name":"wp","href":"https:\/\/api.w.org\/{rel}","templated":true}]}}